{"id":50,"date":"2021-11-17T08:42:33","date_gmt":"2021-11-17T07:42:33","guid":{"rendered":"https:\/\/www.linguacom.se\/?page_id=50"},"modified":"2026-01-12T10:28:58","modified_gmt":"2026-01-12T09:28:58","slug":"om-oss","status":"publish","type":"page","link":"https:\/\/www.linguacom.se\/en\/om-oss\/","title":{"rendered":"About us"},"content":{"rendered":"<div data-elementor-type=\"wp-page\" data-elementor-id=\"50\" class=\"elementor elementor-50\" data-elementor-post-type=\"page\">\n\t\t\t\t\t\t<section data-particle_enable=\"false\" data-particle-mobile-disabled=\"false\" class=\"elementor-section elementor-top-section elementor-element elementor-element-24f71b8a elementor-section-height-min-height elementor-section-boxed elementor-section-height-default elementor-section-items-middle\" data-id=\"24f71b8a\" data-element_type=\"section\" data-e-type=\"section\" data-settings=\"{&quot;background_background&quot;:&quot;classic&quot;,&quot;shape_divider_bottom&quot;:&quot;wave-brush&quot;}\">\n\t\t\t\t\t\t\t<div class=\"elementor-background-overlay\"><\/div>\n\t\t\t\t\t\t<div class=\"elementor-shape elementor-shape-bottom\" aria-hidden=\"true\" data-negative=\"false\">\n\t\t\t<svg xmlns=\"http:\/\/www.w3.org\/2000\/svg\" viewbox=\"0 0 283.5 27.8\" preserveaspectratio=\"none\">\n\t<path class=\"elementor-shape-fill\" d=\"M283.5,9.7c0,0-7.3,4.3-14,4.6c-6.8,0.3-12.6,0-20.9-1.5c-11.3-2-33.1-10.1-44.7-5.7\ts-12.1,4.6-18,7.4c-6.6,3.2-20,9.6-36.6,9.3C131.6,23.5,99.5,7.2,86.3,8c-1.4,0.1-6.6,0.8-10.5,2c-3.8,1.2-9.4,3.8-17,4.7\tc-3.2,0.4-8.3,1.1-14.2,0.9c-1.5-0.1-6.3-0.4-12-1.6c-5.7-1.2-11-3.1-15.8-3.7C6.5,9.2,0,10.8,0,10.8V0h283.5V9.7z M260.8,11.3\tc-0.7-1-2-0.4-4.3-0.4c-2.3,0-6.1-1.2-5.8-1.1c0.3,0.1,3.1,1.5,6,1.9C259.7,12.2,261.4,12.3,260.8,11.3z M242.4,8.6\tc0,0-2.4-0.2-5.6-0.9c-3.2-0.8-10.3-2.8-15.1-3.5c-8.2-1.1-15.8,0-15.1,0.1c0.8,0.1,9.6-0.6,17.6,1.1c3.3,0.7,9.3,2.2,12.4,2.7\tC239.9,8.7,242.4,8.6,242.4,8.6z M185.2,8.5c1.7-0.7-13.3,4.7-18.5,6.1c-2.1,0.6-6.2,1.6-10,2c-3.9,0.4-8.9,0.4-8.8,0.5\tc0,0.2,5.8,0.8,11.2,0c5.4-0.8,5.2-1.1,7.6-1.6C170.5,14.7,183.5,9.2,185.2,8.5z M199.1,6.9c0.2,0-0.8-0.4-4.8,1.1\tc-4,1.5-6.7,3.5-6.9,3.7c-0.2,0.1,3.5-1.8,6.6-3C197,7.5,199,6.9,199.1,6.9z M283,6c-0.1,0.1-1.9,1.1-4.8,2.5s-6.9,2.8-6.7,2.7\tc0.2,0,3.5-0.6,7.4-2.5C282.8,6.8,283.1,5.9,283,6z M31.3,11.6c0.1-0.2-1.9-0.2-4.5-1.2s-5.4-1.6-7.8-2C15,7.6,7.3,8.5,7.7,8.6\tC8,8.7,15.9,8.3,20.2,9.3c2.2,0.5,2.4,0.5,5.7,1.6S31.2,11.9,31.3,11.6z M73,9.2c0.4-0.1,3.5-1.6,8.4-2.6c4.9-1.1,8.9-0.5,8.9-0.8\tc0-0.3-1-0.9-6.2-0.3S72.6,9.3,73,9.2z M71.6,6.7C71.8,6.8,75,5.4,77.3,5c2.3-0.3,1.9-0.5,1.9-0.6c0-0.1-1.1-0.2-2.7,0.2\tC74.8,5.1,71.4,6.6,71.6,6.7z M93.6,4.4c0.1,0.2,3.5,0.8,5.6,1.8c2.1,1,1.8,0.6,1.9,0.5c0.1-0.1-0.8-0.8-2.4-1.3\tC97.1,4.8,93.5,4.2,93.6,4.4z M65.4,11.1c-0.1,0.3,0.3,0.5,1.9-0.2s2.6-1.3,2.2-1.2s-0.9,0.4-2.5,0.8C65.3,10.9,65.5,10.8,65.4,11.1\tz M34.5,12.4c-0.2,0,2.1,0.8,3.3,0.9c1.2,0.1,2,0.1,2-0.2c0-0.3-0.1-0.5-1.6-0.4C36.6,12.8,34.7,12.4,34.5,12.4z M152.2,21.1\tc-0.1,0.1-2.4-0.3-7.5-0.3c-5,0-13.6-2.4-17.2-3.5c-3.6-1.1,10,3.9,16.5,4.1C150.5,21.6,152.3,21,152.2,21.1z\"\/>\n\t<path class=\"elementor-shape-fill\" d=\"M269.6,18c-0.1-0.1-4.6,0.3-7.2,0c-7.3-0.7-17-3.2-16.6-2.9c0.4,0.3,13.7,3.1,17,3.3\tC267.7,18.8,269.7,18,269.6,18z\"\/>\n\t<path class=\"elementor-shape-fill\" d=\"M227.4,9.8c-0.2-0.1-4.5-1-9.5-1.2c-5-0.2-12.7,0.6-12.3,0.5c0.3-0.1,5.9-1.8,13.3-1.2\tS227.6,9.9,227.4,9.8z\"\/>\n\t<path class=\"elementor-shape-fill\" d=\"M204.5,13.4c-0.1-0.1,2-1,3.2-1.1c1.2-0.1,2,0,2,0.3c0,0.3-0.1,0.5-1.6,0.4\tC206.4,12.9,204.6,13.5,204.5,13.4z\"\/>\n\t<path class=\"elementor-shape-fill\" d=\"M201,10.6c0-0.1-4.4,1.2-6.3,2.2c-1.9,0.9-6.2,3.1-6.1,3.1c0.1,0.1,4.2-1.6,6.3-2.6\tS201,10.7,201,10.6z\"\/>\n\t<path class=\"elementor-shape-fill\" d=\"M154.5,26.7c-0.1-0.1-4.6,0.3-7.2,0c-7.3-0.7-17-3.2-16.6-2.9c0.4,0.3,13.7,3.1,17,3.3\tC152.6,27.5,154.6,26.8,154.5,26.7z\"\/>\n\t<path class=\"elementor-shape-fill\" d=\"M41.9,19.3c0,0,1.2-0.3,2.9-0.1c1.7,0.2,5.8,0.9,8.2,0.7c4.2-0.4,7.4-2.7,7-2.6\tc-0.4,0-4.3,2.2-8.6,1.9c-1.8-0.1-5.1-0.5-6.7-0.4S41.9,19.3,41.9,19.3z\"\/>\n\t<path class=\"elementor-shape-fill\" d=\"M75.5,12.6c0.2,0.1,2-0.8,4.3-1.1c2.3-0.2,2.1-0.3,2.1-0.5c0-0.1-1.8-0.4-3.4,0\tC76.9,11.5,75.3,12.5,75.5,12.6z\"\/>\n\t<path class=\"elementor-shape-fill\" d=\"M15.6,13.2c0-0.1,4.3,0,6.7,0.5c2.4,0.5,5,1.9,5,2c0,0.1-2.7-0.8-5.1-1.4\tC19.9,13.7,15.7,13.3,15.6,13.2z\"\/>\n<\/svg>\t\t<\/div>\n\t\t\t\t\t<div class=\"elementor-container elementor-column-gap-default\">\n\t\t\t\t\t<div class=\"elementor-column elementor-col-100 elementor-top-column elementor-element elementor-element-6400f8f5 elementor-invisible\" data-id=\"6400f8f5\" data-element_type=\"column\" data-e-type=\"column\" data-settings=\"{&quot;animation&quot;:&quot;fadeInDown&quot;}\">\n\t\t\t<div class=\"elementor-widget-wrap elementor-element-populated\">\n\t\t\t\t\t\t<div class=\"elementor-element elementor-element-2c0becac elementor-widget elementor-widget-text-editor\" data-id=\"2c0becac\" data-element_type=\"widget\" data-e-type=\"widget\" data-widget_type=\"text-editor.default\">\n\t\t\t\t<div class=\"elementor-widget-container\">\n\t\t\t\t\t\t\t\t\t<header><div class=\"is-teaser\"><p>Linguacom is a leading full-service agency in the language industry, a nationwide interpreting and translation agency. With 30 years of combined experience, we can make a difference \u2013 for real. Read more!<\/p><\/div><\/header>\t\t\t\t\t\t\t\t<\/div>\n\t\t\t\t<\/div>\n\t\t\t\t\t<\/div>\n\t\t<\/div>\n\t\t\t\t\t<\/div>\n\t\t<\/section>\n\t\t\t\t<section data-particle_enable=\"false\" data-particle-mobile-disabled=\"false\" class=\"elementor-section elementor-top-section elementor-element elementor-element-19934513 elementor-section-height-min-height elementor-section-items-top elementor-section-boxed elementor-section-height-default\" data-id=\"19934513\" data-element_type=\"section\" data-e-type=\"section\" data-settings=\"{&quot;shape_divider_top&quot;:&quot;waves&quot;}\">\n\t\t\t\t\t<div class=\"elementor-shape elementor-shape-top\" aria-hidden=\"true\" data-negative=\"false\">\n\t\t\t<svg xmlns=\"http:\/\/www.w3.org\/2000\/svg\" viewbox=\"0 0 1000 100\" preserveaspectratio=\"none\">\n\t<path class=\"elementor-shape-fill\" d=\"M421.9,6.5c22.6-2.5,51.5,0.4,75.5,5.3c23.6,4.9,70.9,23.5,100.5,35.7c75.8,32.2,133.7,44.5,192.6,49.7\tc23.6,2.1,48.7,3.5,103.4-2.5c54.7-6,106.2-25.6,106.2-25.6V0H0v30.3c0,0,72,32.6,158.4,30.5c39.2-0.7,92.8-6.7,134-22.4\tc21.2-8.1,52.2-18.2,79.7-24.2C399.3,7.9,411.6,7.5,421.9,6.5z\"\/>\n<\/svg>\t\t<\/div>\n\t\t\t\t\t<div class=\"elementor-container elementor-column-gap-default\">\n\t\t\t\t\t<div class=\"elementor-column elementor-col-50 elementor-top-column elementor-element elementor-element-5e5da235\" data-id=\"5e5da235\" data-element_type=\"column\" data-e-type=\"column\">\n\t\t\t<div class=\"elementor-widget-wrap elementor-element-populated\">\n\t\t\t\t\t\t<div class=\"elementor-element elementor-element-302381a elementor-widget elementor-widget-text-editor\" data-id=\"302381a\" data-element_type=\"widget\" data-e-type=\"widget\" data-widget_type=\"text-editor.default\">\n\t\t\t\t<div class=\"elementor-widget-container\">\n\t\t\t\t\t\t\t\t\t<h2>Linguacom interpreting &amp; translation agency<\/h2><p>Our business concept is based on covering the need for interpreting and translations through quality-assured language services. We do this through long term collaborations and local establishment. All based on solid knowledge of the branch.<\/p><p><strong>A leader in the language industry<br \/><\/strong>Today, we help most of Sweden\u2019s government agencies, municipalities and private businesses with their professional interpreter and translator needs. Our business concept and day-to-day efforts have made us a leader in the language industry. In 2017, 2018 and 2019, the Swedish financial newspaper Dagens Industri acknowledged Linguacom with its\u00a0\u00a0<a href=\"https:\/\/gasell.di.se\/faq\/\" target=\"_blank\" rel=\"noopener\">Gasell Award Gasellf\u00f6retag<\/a>. In 2020, we received the newspaper\u2019s M\u00e4stargasell award. We\u2019re extremely proud of this recognition.<\/p><p><strong>Success comes from within\u00a0<br \/><\/strong>All our employees are an asset to the success of the company. Together we possess 30 years experience from the language industry and we understand in depth what is required for you as a customer to be satisfied. Among other things we are skilled in problem solving and we have knowledge of cultural differences. We are also quick to fill assignments and we want you to be able to take part in the process around your assignment. You can do this via the web, email or by calling your interpreter or translation agent.<\/p>\t\t\t\t\t\t\t\t<\/div>\n\t\t\t\t<\/div>\n\t\t\t\t\t<\/div>\n\t\t<\/div>\n\t\t\t\t<div class=\"elementor-column elementor-col-50 elementor-top-column elementor-element elementor-element-67a41be6\" data-id=\"67a41be6\" data-element_type=\"column\" data-e-type=\"column\">\n\t\t\t<div class=\"elementor-widget-wrap elementor-element-populated\">\n\t\t\t\t\t\t<div class=\"elementor-element elementor-element-5f46de93 elementor-widget elementor-widget-image\" data-id=\"5f46de93\" data-element_type=\"widget\" data-e-type=\"widget\" data-widget_type=\"image.default\">\n\t\t\t\t<div class=\"elementor-widget-container\">\n\t\t\t\t\t\t\t\t\t\t\t\t\t\t\t<img fetchpriority=\"high\" decoding=\"async\" width=\"1257\" height=\"1286\" src=\"https:\/\/www.linguacom.se\/wp-content\/uploads\/2021\/12\/auktoriserad-tolk-konferenstolk-telefontolk.png\" class=\"attachment-full size-full wp-image-929\" alt=\"Auktoriserad tolk p\u00e5 v\u00e5r \u00f6vers\u00e4ttningsbyr\u00e5 Linguacom\" srcset=\"https:\/\/www.linguacom.se\/wp-content\/uploads\/2021\/12\/auktoriserad-tolk-konferenstolk-telefontolk.png 1257w, https:\/\/www.linguacom.se\/wp-content\/uploads\/2021\/12\/auktoriserad-tolk-konferenstolk-telefontolk-293x300.png 293w, https:\/\/www.linguacom.se\/wp-content\/uploads\/2021\/12\/auktoriserad-tolk-konferenstolk-telefontolk-1001x1024.png 1001w, https:\/\/www.linguacom.se\/wp-content\/uploads\/2021\/12\/auktoriserad-tolk-konferenstolk-telefontolk-768x786.png 768w, https:\/\/www.linguacom.se\/wp-content\/uploads\/2021\/12\/auktoriserad-tolk-konferenstolk-telefontolk-12x12.png 12w\" sizes=\"(max-width: 1257px) 100vw, 1257px\" \/>\t\t\t\t\t\t\t\t\t\t\t\t\t\t\t<\/div>\n\t\t\t\t<\/div>\n\t\t\t\t\t<\/div>\n\t\t<\/div>\n\t\t\t\t\t<\/div>\n\t\t<\/section>\n\t\t\t\t<section data-particle_enable=\"false\" data-particle-mobile-disabled=\"false\" class=\"elementor-section elementor-top-section elementor-element elementor-element-a4d421a elementor-section-boxed elementor-section-height-default elementor-section-height-default\" data-id=\"a4d421a\" data-element_type=\"section\" data-e-type=\"section\">\n\t\t\t\t\t\t<div class=\"elementor-container elementor-column-gap-default\">\n\t\t\t\t\t<div class=\"elementor-column elementor-col-25 elementor-top-column elementor-element elementor-element-b361e81\" data-id=\"b361e81\" data-element_type=\"column\" data-e-type=\"column\">\n\t\t\t<div class=\"elementor-widget-wrap elementor-element-populated\">\n\t\t\t\t\t\t<div class=\"elementor-element elementor-element-51543de elementor-widget elementor-widget-image\" data-id=\"51543de\" data-element_type=\"widget\" data-e-type=\"widget\" data-widget_type=\"image.default\">\n\t\t\t\t<div class=\"elementor-widget-container\">\n\t\t\t\t\t\t\t\t\t\t\t\t\t\t\t<img decoding=\"async\" width=\"681\" height=\"551\" src=\"https:\/\/www.linguacom.se\/wp-content\/uploads\/2022\/02\/LSPI-Boutique-Badge.png\" class=\"attachment-large size-large wp-image-1699\" alt=\"2022 Boutique Language service provider\" srcset=\"https:\/\/www.linguacom.se\/wp-content\/uploads\/2022\/02\/LSPI-Boutique-Badge.png 681w, https:\/\/www.linguacom.se\/wp-content\/uploads\/2022\/02\/LSPI-Boutique-Badge-300x243.png 300w, https:\/\/www.linguacom.se\/wp-content\/uploads\/2022\/02\/LSPI-Boutique-Badge-15x12.png 15w\" sizes=\"(max-width: 681px) 100vw, 681px\" \/>\t\t\t\t\t\t\t\t\t\t\t\t\t\t\t<\/div>\n\t\t\t\t<\/div>\n\t\t\t\t\t<\/div>\n\t\t<\/div>\n\t\t\t\t<div class=\"elementor-column elementor-col-25 elementor-top-column elementor-element elementor-element-3ee3605\" data-id=\"3ee3605\" data-element_type=\"column\" data-e-type=\"column\">\n\t\t\t<div class=\"elementor-widget-wrap elementor-element-populated\">\n\t\t\t\t\t\t<div class=\"elementor-element elementor-element-9a2c8a0 elementor-widget elementor-widget-image\" data-id=\"9a2c8a0\" data-element_type=\"widget\" data-e-type=\"widget\" data-widget_type=\"image.default\">\n\t\t\t\t<div class=\"elementor-widget-container\">\n\t\t\t\t\t\t\t\t\t\t\t\t\t\t\t<img decoding=\"async\" width=\"800\" height=\"309\" src=\"https:\/\/www.linguacom.se\/wp-content\/uploads\/2022\/02\/x1000w-Di-Gasell_logo_MastarGasell-notified.png\" class=\"attachment-large size-large wp-image-1710\" alt=\"M\u00e4star gasell\" srcset=\"https:\/\/www.linguacom.se\/wp-content\/uploads\/2022\/02\/x1000w-Di-Gasell_logo_MastarGasell-notified.png 1000w, https:\/\/www.linguacom.se\/wp-content\/uploads\/2022\/02\/x1000w-Di-Gasell_logo_MastarGasell-notified-300x116.png 300w, https:\/\/www.linguacom.se\/wp-content\/uploads\/2022\/02\/x1000w-Di-Gasell_logo_MastarGasell-notified-768x296.png 768w, https:\/\/www.linguacom.se\/wp-content\/uploads\/2022\/02\/x1000w-Di-Gasell_logo_MastarGasell-notified-18x7.png 18w\" sizes=\"(max-width: 800px) 100vw, 800px\" \/>\t\t\t\t\t\t\t\t\t\t\t\t\t\t\t<\/div>\n\t\t\t\t<\/div>\n\t\t\t\t\t<\/div>\n\t\t<\/div>\n\t\t\t\t<div class=\"elementor-column elementor-col-25 elementor-top-column elementor-element elementor-element-4c35478\" data-id=\"4c35478\" data-element_type=\"column\" data-e-type=\"column\">\n\t\t\t<div class=\"elementor-widget-wrap elementor-element-populated\">\n\t\t\t\t\t\t<div class=\"elementor-element elementor-element-96f5c87 elementor-widget elementor-widget-image\" data-id=\"96f5c87\" data-element_type=\"widget\" data-e-type=\"widget\" data-widget_type=\"image.default\">\n\t\t\t\t<div class=\"elementor-widget-container\">\n\t\t\t\t\t\t\t\t\t\t\t\t\t\t\t<img loading=\"lazy\" decoding=\"async\" width=\"224\" height=\"225\" src=\"https:\/\/www.linguacom.se\/wp-content\/uploads\/2022\/02\/nedladdning.png\" class=\"attachment-large size-large wp-image-1711\" alt=\"Gasell\" srcset=\"https:\/\/www.linguacom.se\/wp-content\/uploads\/2022\/02\/nedladdning.png 224w, https:\/\/www.linguacom.se\/wp-content\/uploads\/2022\/02\/nedladdning-150x150.png 150w, https:\/\/www.linguacom.se\/wp-content\/uploads\/2022\/02\/nedladdning-12x12.png 12w\" sizes=\"(max-width: 224px) 100vw, 224px\" \/>\t\t\t\t\t\t\t\t\t\t\t\t\t\t\t<\/div>\n\t\t\t\t<\/div>\n\t\t\t\t\t<\/div>\n\t\t<\/div>\n\t\t\t\t<div class=\"elementor-column elementor-col-25 elementor-top-column elementor-element elementor-element-618f7a5\" data-id=\"618f7a5\" data-element_type=\"column\" data-e-type=\"column\">\n\t\t\t<div class=\"elementor-widget-wrap elementor-element-populated\">\n\t\t\t\t\t\t<div class=\"elementor-element elementor-element-ff689a1 elementor-widget elementor-widget-image\" data-id=\"ff689a1\" data-element_type=\"widget\" data-e-type=\"widget\" data-widget_type=\"image.default\">\n\t\t\t\t<div class=\"elementor-widget-container\">\n\t\t\t\t\t\t\t\t\t\t\t\t\t\t\t<img loading=\"lazy\" decoding=\"async\" width=\"787\" height=\"791\" src=\"https:\/\/www.linguacom.se\/wp-content\/uploads\/2022\/09\/image001-9.png\" class=\"attachment-large size-large wp-image-2057\" alt=\"Linguacom Branschvinnare 2022\" srcset=\"https:\/\/www.linguacom.se\/wp-content\/uploads\/2022\/09\/image001-9.png 787w, https:\/\/www.linguacom.se\/wp-content\/uploads\/2022\/09\/image001-9-298x300.png 298w, https:\/\/www.linguacom.se\/wp-content\/uploads\/2022\/09\/image001-9-150x150.png 150w, https:\/\/www.linguacom.se\/wp-content\/uploads\/2022\/09\/image001-9-768x772.png 768w, https:\/\/www.linguacom.se\/wp-content\/uploads\/2022\/09\/image001-9-12x12.png 12w\" sizes=\"(max-width: 787px) 100vw, 787px\" \/>\t\t\t\t\t\t\t\t\t\t\t\t\t\t\t<\/div>\n\t\t\t\t<\/div>\n\t\t\t\t\t<\/div>\n\t\t<\/div>\n\t\t\t\t\t<\/div>\n\t\t<\/section>\n\t\t\t\t<section data-particle_enable=\"false\" data-particle-mobile-disabled=\"false\" class=\"elementor-section elementor-top-section elementor-element elementor-element-cd8e429 elementor-section-height-min-height elementor-section-items-top elementor-section-boxed elementor-section-height-default\" data-id=\"cd8e429\" data-element_type=\"section\" data-e-type=\"section\" data-settings=\"{&quot;shape_divider_top&quot;:&quot;waves&quot;,&quot;background_background&quot;:&quot;classic&quot;}\">\n\t\t\t\t\t<div class=\"elementor-shape elementor-shape-top\" aria-hidden=\"true\" data-negative=\"false\">\n\t\t\t<svg xmlns=\"http:\/\/www.w3.org\/2000\/svg\" viewbox=\"0 0 1000 100\" preserveaspectratio=\"none\">\n\t<path class=\"elementor-shape-fill\" d=\"M421.9,6.5c22.6-2.5,51.5,0.4,75.5,5.3c23.6,4.9,70.9,23.5,100.5,35.7c75.8,32.2,133.7,44.5,192.6,49.7\tc23.6,2.1,48.7,3.5,103.4-2.5c54.7-6,106.2-25.6,106.2-25.6V0H0v30.3c0,0,72,32.6,158.4,30.5c39.2-0.7,92.8-6.7,134-22.4\tc21.2-8.1,52.2-18.2,79.7-24.2C399.3,7.9,411.6,7.5,421.9,6.5z\"\/>\n<\/svg>\t\t<\/div>\n\t\t\t\t\t<div class=\"elementor-container elementor-column-gap-default\">\n\t\t\t\t\t<div class=\"elementor-column elementor-col-50 elementor-top-column elementor-element elementor-element-8d4f4e9\" data-id=\"8d4f4e9\" data-element_type=\"column\" data-e-type=\"column\">\n\t\t\t<div class=\"elementor-widget-wrap elementor-element-populated\">\n\t\t\t\t\t\t<div class=\"elementor-element elementor-element-2fcf7c1 elementor-widget elementor-widget-image\" data-id=\"2fcf7c1\" data-element_type=\"widget\" data-e-type=\"widget\" data-widget_type=\"image.default\">\n\t\t\t\t<div class=\"elementor-widget-container\">\n\t\t\t\t\t\t\t\t\t\t\t\t\t\t\t<img loading=\"lazy\" decoding=\"async\" width=\"1695\" height=\"1143\" src=\"https:\/\/www.linguacom.se\/wp-content\/uploads\/2021\/12\/oversattningsbyra-2.png\" class=\"attachment-full size-full wp-image-936\" alt=\"Auktoriserad tolk - boka tolk online hos linguacom\" srcset=\"https:\/\/www.linguacom.se\/wp-content\/uploads\/2021\/12\/oversattningsbyra-2.png 1695w, https:\/\/www.linguacom.se\/wp-content\/uploads\/2021\/12\/oversattningsbyra-2-300x202.png 300w, https:\/\/www.linguacom.se\/wp-content\/uploads\/2021\/12\/oversattningsbyra-2-1024x691.png 1024w, https:\/\/www.linguacom.se\/wp-content\/uploads\/2021\/12\/oversattningsbyra-2-768x518.png 768w, https:\/\/www.linguacom.se\/wp-content\/uploads\/2021\/12\/oversattningsbyra-2-1536x1036.png 1536w, https:\/\/www.linguacom.se\/wp-content\/uploads\/2021\/12\/oversattningsbyra-2-18x12.png 18w\" sizes=\"(max-width: 1695px) 100vw, 1695px\" \/>\t\t\t\t\t\t\t\t\t\t\t\t\t\t\t<\/div>\n\t\t\t\t<\/div>\n\t\t\t\t\t<\/div>\n\t\t<\/div>\n\t\t\t\t<div class=\"elementor-column elementor-col-50 elementor-top-column elementor-element elementor-element-68d04fa\" data-id=\"68d04fa\" data-element_type=\"column\" data-e-type=\"column\">\n\t\t\t<div class=\"elementor-widget-wrap elementor-element-populated\">\n\t\t\t\t\t\t<div class=\"elementor-element elementor-element-af93441 elementor-widget elementor-widget-text-editor\" data-id=\"af93441\" data-element_type=\"widget\" data-e-type=\"widget\" data-widget_type=\"text-editor.default\">\n\t\t\t\t<div class=\"elementor-widget-container\">\n\t\t\t\t\t\t\t\t\t<p><strong>The right person in the right place<br \/><\/strong>The placement rate \u2013 that is, how well we manage to find the right interpreter or translator \u2013 is 99 percent. We are responsive and always try to ensure that special requests are met. Read more about our <a href=\"https:\/\/www.linguacom.se\/en\/oversattningsbyra-stockholm\/\">translation agency in Stockholm<\/a>!<\/p><p><strong>In brief<\/strong><\/p><ul><li>We can be reached 24\/7, 365 days a year<\/li><li>You will get a personal response immediately<\/li><li>We work with the best translators and interpreters in the industry<\/li><li>We have sign language interpreters, translators and interpreters who master over 250 languages \u200b\u200band dialects<\/li><li>When you order an interpreter \u2013 regardless of whether you are\u00a0<a href=\"\/en\/vill-du-bli-kund\/\">a registered customer or not<\/a>\u00a0\u2013 we offer a course in working efficiently with an interpreter, free of charge. We\u2019ll even share tips on how to have a conversation through an interpreter.<\/li><\/ul><p>Linguacom has been owned by Skandinavisk Kommunikation AB since 2023.<\/p>\t\t\t\t\t\t\t\t<\/div>\n\t\t\t\t<\/div>\n\t\t\t\t\t<\/div>\n\t\t<\/div>\n\t\t\t\t\t<\/div>\n\t\t<\/section>\n\t\t\t\t<\/div>","protected":false},"excerpt":{"rendered":"<p>Linguacom \u00e4r en ledande fullservicebyr\u00e5 inom spr\u00e5kbranschen, ett rikst\u00e4ckande tolk- och \u00f6vers\u00e4ttningsbolag. Med 30 \u00e5rs samlad erfarenhet kan vi g\u00f6ra nytta \u2013 p\u00e5 riktigt. Linguacom tolk- &amp; \u00f6vers\u00e4ttningsbyr\u00e5 V\u00e5r aff\u00e4rsid\u00e9 bygger p\u00e5 att t\u00e4cka behovet av tolkning och \u00f6vers\u00e4ttningar med kvalitetss\u00e4krade spr\u00e5ktj\u00e4nster. Vi g\u00f6r det med st\u00f6d av l\u00e5ngsiktiga samarbeten och lokal etablering. Allt baserat [&hellip;]<\/p>","protected":false},"author":1,"featured_media":0,"parent":0,"menu_order":0,"comment_status":"closed","ping_status":"closed","template":"","meta":{"_seopress_robots_primary_cat":"","_seopress_titles_title":"Om oss | Byr\u00e5 med auktoriserade tolkar | Linguacom","_seopress_titles_desc":"Som fullservicebyr\u00e5 inom spr\u00e5kbranschen t\u00e4cker vi ett rikst\u00e4ckande tolk- och \u00f6vers\u00e4ttningsbehov. Ta del av v\u00e5ra tj\u00e4nster som \u00f6vers\u00e4ttningsbyr\u00e5!","_seopress_robots_index":"","footnotes":""},"Pagecategories":[],"class_list":["post-50","page","type-page","status-publish","hentry"],"meta_box":[],"_links":{"self":[{"href":"https:\/\/www.linguacom.se\/en\/wp-json\/wp\/v2\/pages\/50","targetHints":{"allow":["GET"]}}],"collection":[{"href":"https:\/\/www.linguacom.se\/en\/wp-json\/wp\/v2\/pages"}],"about":[{"href":"https:\/\/www.linguacom.se\/en\/wp-json\/wp\/v2\/types\/page"}],"author":[{"embeddable":true,"href":"https:\/\/www.linguacom.se\/en\/wp-json\/wp\/v2\/users\/1"}],"replies":[{"embeddable":true,"href":"https:\/\/www.linguacom.se\/en\/wp-json\/wp\/v2\/comments?post=50"}],"version-history":[{"count":0,"href":"https:\/\/www.linguacom.se\/en\/wp-json\/wp\/v2\/pages\/50\/revisions"}],"wp:attachment":[{"href":"https:\/\/www.linguacom.se\/en\/wp-json\/wp\/v2\/media?parent=50"}],"wp:term":[{"taxonomy":"Pagecategories","embeddable":true,"href":"https:\/\/www.linguacom.se\/en\/wp-json\/wp\/v2\/Pagecategories?post=50"}],"curies":[{"name":"wp","href":"https:\/\/api.w.org\/{rel}","templated":true}]}}